{"id":88,"date":"2023-06-02T14:15:54","date_gmt":"2023-06-02T14:15:54","guid":{"rendered":"https:\/\/rescue.erasmus.site\/?page_id=88"},"modified":"2023-08-03T08:42:38","modified_gmt":"2023-08-03T08:42:38","slug":"more-about-rescue","status":"publish","type":"page","link":"https:\/\/rescue.erasmus.site\/de\/more-about-rescue\/","title":{"rendered":"Mehr \u00fcber RESCUE"},"content":{"rendered":"\t\t<div data-elementor-type=\"wp-page\" data-elementor-id=\"88\" class=\"elementor elementor-88\">\n\t\t\t\t\t\t<section class=\"elementor-section elementor-top-section elementor-element elementor-element-cab0513 elementor-section-boxed elementor-section-height-default elementor-section-height-default\" data-id=\"cab0513\" data-element_type=\"section\" data-e-type=\"section\">\n\t\t\t\t\t\t<div class=\"elementor-container elementor-column-gap-default\">\n\t\t\t\t\t<div class=\"elementor-column elementor-col-100 elementor-top-column elementor-element elementor-element-60d8113\" data-id=\"60d8113\" data-element_type=\"column\" data-e-type=\"column\">\n\t\t\t<div class=\"elementor-widget-wrap elementor-element-populated\">\n\t\t\t\t\t\t<div class=\"elementor-element elementor-element-0aaadc3 elementor-widget elementor-widget-heading\" data-id=\"0aaadc3\" data-element_type=\"widget\" data-e-type=\"widget\" data-widget_type=\"heading.default\">\n\t\t\t\t<div class=\"elementor-widget-container\">\n\t\t\t\t\t<h2 class=\"elementor-heading-title elementor-size-default\">Einleitung<\/h2>\t\t\t\t<\/div>\n\t\t\t\t<\/div>\n\t\t\t\t<div class=\"elementor-element elementor-element-2d782ed elementor-widget elementor-widget-text-editor\" data-id=\"2d782ed\" data-element_type=\"widget\" data-e-type=\"widget\" data-widget_type=\"text-editor.default\">\n\t\t\t\t<div class=\"elementor-widget-container\">\n\t\t\t\t\t\t\t\t\t<p><\/p><p><\/p><p><strong><em>Hast du gewusst?<\/em><\/strong><\/p><p>Die RESCUE-Partnerschaft, die sich an den EU-Zielen f\u00fcr nachhaltige Bildung orientiert, zielt darauf ab, einen umfassenden und kooperativen Ansatz f\u00fcr das Lernen im Hinblick auf \u00f6kologische Nachhaltigkeit zu entwickeln. Dabei sollen verschiedene Einrichtungen, Organisationen und Teilnehmer des Bildungs-, Jugendarbeits- und Ausbildungssystems miteinbezogen werden. Durch Bewusstseinsbildung und partizipative Aktivit\u00e4ten will das Projekt bei jungen Menschen Einstellungen und Verhaltensweisen in Bezug auf die Klimakrise sowie den nachhaltigen Konsum von Plastik f\u00f6rdern und jungen Menschen Anreize geben, gr\u00fcne Initiativen (Kampagnen) mit positiven Auswirkungen auf die Umwelt und die Gesellschaft zu schaffen.<\/p><p><strong><em>\u00dcber das Projekt<\/em><\/strong><\/p><p>RESCUE ist ein innovatives 24-monatiges Projekt, an dem (6) sechs Organisationen, darunter Nichtregierungsorganisationen, Ausbildungszentren sowie private Einrichtungen aus (6) sechs L\u00e4ndern mitwirken. Das Projekt zielt auf die Validierung von Jugendarbeit, informellen und nicht-formalen Lernens und die Unterst\u00fctzung von Qualit\u00e4tsentwicklung und Innovation in der Jugendarbeit ab. Das RESCUE Projekt unterst\u00fctzt Jugendarbeiter:innen mit Werkzeugen, Methoden und Aktivit\u00e4ten, mit denen das Verst\u00e4ndnis junger Menschen f\u00fcr gr\u00fcne Initiativen (z. B. Kampagnen) und Freiwilligenarbeit gest\u00e4rkt werden kann, um damit als \u201eagents of change\u201c \u00f6kologischer und nachhaltiger Entwicklung auftreten zu k\u00f6nnen.<\/p><p><strong><em>Was sind die Ziele von RESCUE?<\/em><\/strong><\/p><p>Zu den Zielen von RESCUE geh\u00f6ren:<\/p><p>-Sensibilisierung junger Menschen f\u00fcr die langfristigen Auswirkungen von Plastik auf die Umwelt und die menschliche Gesundheit.<\/p><p>-F\u00f6rderung von nachhaltigem Plastikverbrauch bei jungen Menschen, um Ver\u00e4nderungen anzuregen.<\/p><p>-F\u00f6rderung umweltfreundlicher Verhaltensweisen und Einstellungen unter jungen Menschen.<\/p><p>-Jugendbetreuer:innen mit Instrumenten und Methoden auszustatten, um jungen Menschen Wissen \u00fcber die Verwendung von Kunststoffen zu vermitteln und sie zur Durchf\u00fchrung von Initiativen zu motivieren.<\/p><p>-Junge Menschen durch gr\u00fcne Kampagnen zusammenzubringen und ihnen die M\u00f6glichkeit zu geben, zu lernen, zu kooperieren, sich ehrenamtlich zu engagieren und ihre Erfahrungen an Gleichaltrige und die Gesellschaft weiterzugeben.<\/p><p>-Die Mitarbeiter:innen der Partner mit dem Know-how auszustatten, um gr\u00fcne, plastikfreie Praktiken in ihren Organisationen einzuf\u00fchren.<\/p><p><\/p><p><\/p><p><\/p>\t\t\t\t\t\t\t\t<\/div>\n\t\t\t\t<\/div>\n\t\t\t\t\t<\/div>\n\t\t<\/div>\n\t\t\t\t\t<\/div>\n\t\t<\/section>\n\t\t\t\t<section class=\"elementor-section elementor-top-section elementor-element elementor-element-dd2ec14 elementor-section-boxed elementor-section-height-default elementor-section-height-default\" data-id=\"dd2ec14\" data-element_type=\"section\" data-e-type=\"section\">\n\t\t\t\t\t\t<div class=\"elementor-container elementor-column-gap-default\">\n\t\t\t\t\t<div class=\"elementor-column elementor-col-100 elementor-top-column elementor-element elementor-element-ef1cf2e\" data-id=\"ef1cf2e\" data-element_type=\"column\" data-e-type=\"column\">\n\t\t\t<div class=\"elementor-widget-wrap elementor-element-populated\">\n\t\t\t\t\t\t<div class=\"elementor-element elementor-element-8d2e0f5 elementor-widget elementor-widget-heading\" data-id=\"8d2e0f5\" data-element_type=\"widget\" data-e-type=\"widget\" data-widget_type=\"heading.default\">\n\t\t\t\t<div class=\"elementor-widget-container\">\n\t\t\t\t\t<h2 class=\"elementor-heading-title elementor-size-default\">Projektergebnisse<\/h2>\t\t\t\t<\/div>\n\t\t\t\t<\/div>\n\t\t\t\t\t<\/div>\n\t\t<\/div>\n\t\t\t\t\t<\/div>\n\t\t<\/section>\n\t\t\t\t<section class=\"elementor-section elementor-top-section elementor-element elementor-element-906d5a3 elementor-section-boxed elementor-section-height-default elementor-section-height-default\" data-id=\"906d5a3\" data-element_type=\"section\" data-e-type=\"section\">\n\t\t\t\t\t\t<div class=\"elementor-container elementor-column-gap-default\">\n\t\t\t\t\t<div class=\"elementor-column elementor-col-100 elementor-top-column elementor-element elementor-element-b748ef8\" data-id=\"b748ef8\" data-element_type=\"column\" data-e-type=\"column\">\n\t\t\t<div class=\"elementor-widget-wrap elementor-element-populated\">\n\t\t\t\t\t\t<div class=\"elementor-element elementor-element-67a0fea elementor-widget elementor-widget-text-editor\" data-id=\"67a0fea\" data-element_type=\"widget\" data-e-type=\"widget\" data-widget_type=\"text-editor.default\">\n\t\t\t\t<div class=\"elementor-widget-container\">\n\t\t\t\t\t\t\t\t\t<p><\/p><p>RESCUE besteht aus 3 Hauptergebnissen in 7 Sprachen, die jeweils in mehrere Aktivit\u00e4ten unterteilt sind.<\/p><p><strong>Raise you voice against plastic<\/strong> <strong>(Erhebe deine Stimme gegen Plastik), die RESCUE E-Learning Plattform. <\/strong><\/p><p>Eine E-Learning-Plattform hat zum Ziel, durch Theorie und Praxis das Bewusstsein f\u00fcr den Umgang mit Plastik zu sch\u00e4rfen sowie jungen Menschen und Jugendbetreuer:innen den theoretischen Hintergrund zu vermitteln, der sie inspiriert und ihnen das Know-how vermittelt, um ein nachhaltigeres und verantwortungsvolleres Verhalten beim Plastikkonsum zu entwickeln.<\/p><p><strong>Wie man eine gr\u00fcne Kampagne durchf\u00fchrt &#8211; der RESCUE-Leitfaden.<\/strong><\/p><p>Ein Leitfaden f\u00fcr Jugendbetreuer:innen, mit dem sie junge Menschen dazu anleiten k\u00f6nnen, eine Umweltkampagne, mit sozialen und \u00f6kologischen Auswirkungen, gegen die Verwendung von Plastik zu organisieren, durchzuf\u00fchren und zu verbreiten.<\/p><p><strong>Werde gr\u00fcner Botschafter, die RESCUE-Kampagne. <\/strong>Eine an junge Menschen und Jugendbetreuer:innen gerichtete Kampagne, die sowohl Online- als auch Offline-Aktivit\u00e4ten umfasst, um das Engagement der Teilnehmer:innen zu erh\u00f6hen.<\/p><p><\/p><p><\/p><p><\/p>\t\t\t\t\t\t\t\t<\/div>\n\t\t\t\t<\/div>\n\t\t\t\t\t<\/div>\n\t\t<\/div>\n\t\t\t\t\t<\/div>\n\t\t<\/section>\n\t\t\t\t<section class=\"elementor-section elementor-top-section elementor-element elementor-element-f949726 elementor-section-boxed elementor-section-height-default elementor-section-height-default\" data-id=\"f949726\" data-element_type=\"section\" data-e-type=\"section\">\n\t\t\t\t\t\t<div class=\"elementor-container elementor-column-gap-default\">\n\t\t\t\t\t<div class=\"elementor-column elementor-col-100 elementor-top-column elementor-element elementor-element-800120e\" data-id=\"800120e\" data-element_type=\"column\" data-e-type=\"column\">\n\t\t\t<div class=\"elementor-widget-wrap elementor-element-populated\">\n\t\t\t\t\t\t<div class=\"elementor-element elementor-element-d9f3128 elementor-widget elementor-widget-heading\" data-id=\"d9f3128\" data-element_type=\"widget\" data-e-type=\"widget\" data-widget_type=\"heading.default\">\n\t\t\t\t<div class=\"elementor-widget-container\">\n\t\t\t\t\t<h2 class=\"elementor-heading-title elementor-size-default\">Zielgruppen<\/h2>\t\t\t\t<\/div>\n\t\t\t\t<\/div>\n\t\t\t\t<div class=\"elementor-element elementor-element-8551ec3 elementor-widget elementor-widget-text-editor\" data-id=\"8551ec3\" data-element_type=\"widget\" data-e-type=\"widget\" data-widget_type=\"text-editor.default\">\n\t\t\t\t<div class=\"elementor-widget-container\">\n\t\t\t\t\t\t\t\t\t<p><\/p><p><\/p><p><\/p><p>RESCUE Zielgruppen sind:<\/p><ul><li>Junge Menschen (16-27 Jahre alt)<\/li><li>Jugendarbeiter:innen<\/li><li>Jugendorganisationen<\/li><\/ul><p>Die RESCUE Projektergebnisse sind auch gedacht f\u00fcr:<\/p><ul><li>Mitarbeiter:innen aller an der Projektdurchf\u00fchrung beteiligten Partner.<\/li><li>Politische Entscheidungstr\u00e4ger:innen, lokale Beh\u00f6rden, Nichtregierungsorganisationen, Jugendzentren, Universit\u00e4ten, Gemeinden und alle anderen Akteure, die direkt oder indirekt in den Bereichen Jugendausbildung, Umweltschutz und Umweltbewusstsein t\u00e4tig sind.<\/li><li>Lokale und regionale Jugendzentren\/Organisationen.<\/li><li>Bildungseinrichtungen.<\/li><\/ul><p><\/p><p><\/p><p><\/p><p><\/p>\t\t\t\t\t\t\t\t<\/div>\n\t\t\t\t<\/div>\n\t\t\t\t\t<\/div>\n\t\t<\/div>\n\t\t\t\t\t<\/div>\n\t\t<\/section>\n\t\t\t\t<\/div>\n\t\t","protected":false},"excerpt":{"rendered":"<p>Einleitung Hast du gewusst? Die RESCUE-Partnerschaft, die sich an den EU-Zielen f\u00fcr nachhaltige Bildung orientiert, zielt darauf ab, einen umfassenden&hellip;&nbsp;<a href=\"https:\/\/rescue.erasmus.site\/de\/more-about-rescue\/\" rel=\"bookmark\">Weiterlesen &raquo;<span class=\"screen-reader-text\">Mehr \u00fcber RESCUE<\/span><\/a><\/p>\n","protected":false},"author":1,"featured_media":102,"parent":0,"menu_order":0,"comment_status":"closed","ping_status":"closed","template":"page-templates\/template-pagebuilder-full-width.php","meta":{"neve_meta_sidebar":"","neve_meta_container":"","neve_meta_enable_content_width":"off","neve_meta_content_width":100,"neve_meta_title_alignment":"","neve_meta_author_avatar":"","neve_post_elements_order":"","neve_meta_disable_header":"","neve_meta_disable_footer":"","neve_meta_disable_title":"","footnotes":""},"class_list":["post-88","page","type-page","status-publish","has-post-thumbnail","hentry"],"_links":{"self":[{"href":"https:\/\/rescue.erasmus.site\/de\/wp-json\/wp\/v2\/pages\/88","targetHints":{"allow":["GET"]}}],"collection":[{"href":"https:\/\/rescue.erasmus.site\/de\/wp-json\/wp\/v2\/pages"}],"about":[{"href":"https:\/\/rescue.erasmus.site\/de\/wp-json\/wp\/v2\/types\/page"}],"author":[{"embeddable":true,"href":"https:\/\/rescue.erasmus.site\/de\/wp-json\/wp\/v2\/users\/1"}],"replies":[{"embeddable":true,"href":"https:\/\/rescue.erasmus.site\/de\/wp-json\/wp\/v2\/comments?post=88"}],"version-history":[{"count":65,"href":"https:\/\/rescue.erasmus.site\/de\/wp-json\/wp\/v2\/pages\/88\/revisions"}],"predecessor-version":[{"id":429,"href":"https:\/\/rescue.erasmus.site\/de\/wp-json\/wp\/v2\/pages\/88\/revisions\/429"}],"wp:featuredmedia":[{"embeddable":true,"href":"https:\/\/rescue.erasmus.site\/de\/wp-json\/wp\/v2\/media\/102"}],"wp:attachment":[{"href":"https:\/\/rescue.erasmus.site\/de\/wp-json\/wp\/v2\/media?parent=88"}],"curies":[{"name":"wp","href":"https:\/\/api.w.org\/{rel}","templated":true}]}}