{"id":88,"date":"2023-06-02T14:15:54","date_gmt":"2023-06-02T14:15:54","guid":{"rendered":"https:\/\/rescue.erasmus.site\/?page_id=88"},"modified":"2023-08-03T08:42:38","modified_gmt":"2023-08-03T08:42:38","slug":"more-about-rescue","status":"publish","type":"page","link":"https:\/\/rescue.erasmus.site\/et\/more-about-rescue\/","title":{"rendered":"Rohkem teavet RESCUE kohta"},"content":{"rendered":"\t\t<div data-elementor-type=\"wp-page\" data-elementor-id=\"88\" class=\"elementor elementor-88\">\n\t\t\t\t\t\t<section class=\"elementor-section elementor-top-section elementor-element elementor-element-cab0513 elementor-section-boxed elementor-section-height-default elementor-section-height-default\" data-id=\"cab0513\" data-element_type=\"section\" data-e-type=\"section\">\n\t\t\t\t\t\t<div class=\"elementor-container elementor-column-gap-default\">\n\t\t\t\t\t<div class=\"elementor-column elementor-col-100 elementor-top-column elementor-element elementor-element-60d8113\" data-id=\"60d8113\" data-element_type=\"column\" data-e-type=\"column\">\n\t\t\t<div class=\"elementor-widget-wrap elementor-element-populated\">\n\t\t\t\t\t\t<div class=\"elementor-element elementor-element-0aaadc3 elementor-widget elementor-widget-heading\" data-id=\"0aaadc3\" data-element_type=\"widget\" data-e-type=\"widget\" data-widget_type=\"heading.default\">\n\t\t\t\t<div class=\"elementor-widget-container\">\n\t\t\t\t\t<h2 class=\"elementor-heading-title elementor-size-default\">Sissejuhatus<\/h2>\t\t\t\t<\/div>\n\t\t\t\t<\/div>\n\t\t\t\t<div class=\"elementor-element elementor-element-2d782ed elementor-widget elementor-widget-text-editor\" data-id=\"2d782ed\" data-element_type=\"widget\" data-e-type=\"widget\" data-widget_type=\"text-editor.default\">\n\t\t\t\t<div class=\"elementor-widget-container\">\n\t\t\t\t\t\t\t\t\t<p><\/p><p><strong><em>Kas teadsid?<\/em><\/strong><\/p><p>ELi s\u00e4\u00e4stva hariduse eesm\u00e4rke j\u00e4rgiva RESCUE-partnerluse eesm\u00e4rk on t\u00f6\u00f6tada v\u00e4lja terviklik ja koost\u00f6\u00f6l p\u00f5hinev l\u00e4henemisviis keskkonnas\u00e4\u00e4stlikkuse \u00f5ppimisele, mis h\u00f5lmab erinevaid asutusi, organisatsioone ja osalejaid haridus-, noorsoot\u00f6\u00f6- ja koolituss\u00fcsteemis. Teoreetiliste teadmiste ja osalustegevuste kaudu teadlikkuse t\u00f5stmise kaudu kavatseb projekt kujundada noorte hoiakuid ja k\u00e4itumist kliimamuutuste ja s\u00e4\u00e4stva arengu suhtes.<\/p><p>plasti tarbimisharjumused, andes noortele ka stiimuleid keskkonnale ja \u00fchiskonnale m\u00f5ju avaldavate roheliste algatuste (kampaaniate) loomiseks.<\/p><p><strong><em>Projekti kohta<\/em><\/strong><\/p><p><strong><em>Millised on RESCUE eesm\u00e4rgid?<\/em><\/strong><\/p><p>OPEN4U eesm\u00e4rkide hulka kuuluvad:<\/p><p>-t\u00f5sta noorte teadlikkust plasti pikaajalistest m\u00f5judest keskkonnale ja inimeste tervisele.<\/p><p>-edendada noorte s\u00e4\u00e4stvamaid plastide tarbimisharjumusi, et stimuleerida muutusi.<\/p><p>-Keskkonnas\u00f5bralike k\u00e4itumisviiside ja hoiakute kujundamine noorte seas.<\/p><p>-anda noorsoot\u00f6\u00f6tajatele vahendid ja metoodika, et anda noortele teadmisi plastiku kasutamise kohta ja motiveerida neid algatuste k\u00e4ivitamiseks.<\/p><p>-\u00fchendada noori roheliste kampaaniate kaudu ning anda neile v\u00f5imalus \u00f5ppida, teha koost\u00f6\u00f6d, teha vabatahtlikku t\u00f6\u00f6d ja levitada oma kogemusi eakaaslastele ja \u00fchiskonnale.<\/p><p>-anda partnerite t\u00f6\u00f6tajatele oskusteavet, et nad saaksid oma organisatsioonis rakendada keskkonnas\u00f5bralikke ja plastivabu tavasid.<\/p><p><\/p><p><\/p><p><\/p><p><\/p>\t\t\t\t\t\t\t\t<\/div>\n\t\t\t\t<\/div>\n\t\t\t\t\t<\/div>\n\t\t<\/div>\n\t\t\t\t\t<\/div>\n\t\t<\/section>\n\t\t\t\t<section class=\"elementor-section elementor-top-section elementor-element elementor-element-dd2ec14 elementor-section-boxed elementor-section-height-default elementor-section-height-default\" data-id=\"dd2ec14\" data-element_type=\"section\" data-e-type=\"section\">\n\t\t\t\t\t\t<div class=\"elementor-container elementor-column-gap-default\">\n\t\t\t\t\t<div class=\"elementor-column elementor-col-100 elementor-top-column elementor-element elementor-element-ef1cf2e\" data-id=\"ef1cf2e\" data-element_type=\"column\" data-e-type=\"column\">\n\t\t\t<div class=\"elementor-widget-wrap elementor-element-populated\">\n\t\t\t\t\t\t<div class=\"elementor-element elementor-element-8d2e0f5 elementor-widget elementor-widget-heading\" data-id=\"8d2e0f5\" data-element_type=\"widget\" data-e-type=\"widget\" data-widget_type=\"heading.default\">\n\t\t\t\t<div class=\"elementor-widget-container\">\n\t\t\t\t\t<h2 class=\"elementor-heading-title elementor-size-default\">Projekti tulemused<\/h2>\t\t\t\t<\/div>\n\t\t\t\t<\/div>\n\t\t\t\t\t<\/div>\n\t\t<\/div>\n\t\t\t\t\t<\/div>\n\t\t<\/section>\n\t\t\t\t<section class=\"elementor-section elementor-top-section elementor-element elementor-element-906d5a3 elementor-section-boxed elementor-section-height-default elementor-section-height-default\" data-id=\"906d5a3\" data-element_type=\"section\" data-e-type=\"section\">\n\t\t\t\t\t\t<div class=\"elementor-container elementor-column-gap-default\">\n\t\t\t\t\t<div class=\"elementor-column elementor-col-100 elementor-top-column elementor-element elementor-element-b748ef8\" data-id=\"b748ef8\" data-element_type=\"column\" data-e-type=\"column\">\n\t\t\t<div class=\"elementor-widget-wrap elementor-element-populated\">\n\t\t\t\t\t\t<div class=\"elementor-element elementor-element-67a0fea elementor-widget elementor-widget-text-editor\" data-id=\"67a0fea\" data-element_type=\"widget\" data-e-type=\"widget\" data-widget_type=\"text-editor.default\">\n\t\t\t\t<div class=\"elementor-widget-container\">\n\t\t\t\t\t\t\t\t\t<p><\/p><p>RESCUE on 3 p\u00f5hitulemust 7 keeles, mis on jagatud mitmeks tegevuseks.<\/p><p><strong>T\u00f5stke oma h\u00e4\u00e4l plastiku vastu, RESCUE e-\u00f5ppe platvorm. <\/strong><\/p><p>E-\u00f5ppeplatvorm, mille eesm\u00e4rk on t\u00f5sta teadlikkust plastikukasutuse kohta teooria ja praktika kaudu ning anda noortele ja noorsoot\u00f6\u00f6tajatele teoreetiline taust, mis inspireerib neid ja annab neile oskusteavet, et kujundada s\u00e4\u00e4stvamat ja vastutustundlikumat plastikasutamisk\u00e4itumist.<\/p><p><strong>Kuidas korraldada rohelist kampaaniat, RESCUE Guide. <\/strong><\/p><p>Noorsoot\u00f6\u00f6tajatele suunatud juhend selle kohta, kuidas nad saavad koolitada noori korraldama, l\u00e4bi viima ja levitama sotsiaalse ja keskkonnam\u00f5juga keskkonnakampaaniat plastiku kasutamise vastu.<\/p><p><strong>Hakka roheliseks suursaadikuks, kampaania RESCUE<\/strong>.<\/p><p>Noortele ja noorsoot\u00f6\u00f6tajatele suunatud kampaania, mis koosneb nii veebip\u00f5histest kui ka v\u00f5rguv\u00e4lisest tegevusest, et suurendada osalejate kaasatust.<\/p><p><\/p><p><\/p><p><\/p>\t\t\t\t\t\t\t\t<\/div>\n\t\t\t\t<\/div>\n\t\t\t\t\t<\/div>\n\t\t<\/div>\n\t\t\t\t\t<\/div>\n\t\t<\/section>\n\t\t\t\t<section class=\"elementor-section elementor-top-section elementor-element elementor-element-f949726 elementor-section-boxed elementor-section-height-default elementor-section-height-default\" data-id=\"f949726\" data-element_type=\"section\" data-e-type=\"section\">\n\t\t\t\t\t\t<div class=\"elementor-container elementor-column-gap-default\">\n\t\t\t\t\t<div class=\"elementor-column elementor-col-100 elementor-top-column elementor-element elementor-element-800120e\" data-id=\"800120e\" data-element_type=\"column\" data-e-type=\"column\">\n\t\t\t<div class=\"elementor-widget-wrap elementor-element-populated\">\n\t\t\t\t\t\t<div class=\"elementor-element elementor-element-d9f3128 elementor-widget elementor-widget-heading\" data-id=\"d9f3128\" data-element_type=\"widget\" data-e-type=\"widget\" data-widget_type=\"heading.default\">\n\t\t\t\t<div class=\"elementor-widget-container\">\n\t\t\t\t\t<h2 class=\"elementor-heading-title elementor-size-default\">Sihtr\u00fchmad<\/h2>\t\t\t\t<\/div>\n\t\t\t\t<\/div>\n\t\t\t\t<div class=\"elementor-element elementor-element-8551ec3 elementor-widget elementor-widget-text-editor\" data-id=\"8551ec3\" data-element_type=\"widget\" data-e-type=\"widget\" data-widget_type=\"text-editor.default\">\n\t\t\t\t<div class=\"elementor-widget-container\">\n\t\t\t\t\t\t\t\t\t<p><\/p><p><\/p><p>RESCUE sihtr\u00fchmad on j\u00e4rgmised:<\/p><ul><li>Noored (16-27-aastased)<\/li><li>Noorsoot\u00f6\u00f6tajad<\/li><li>Noorteorganisatsioonid<\/li><\/ul><p>RESCUE projekti tulemused on m\u00f5eldud ka:<\/p><ul><li>K\u00f5ikide projekti elluviimises osalevate partnerite t\u00f6\u00f6tajad.<\/li><li>Poliitikakujundajad, kohalikud omavalitsused, valitsusv\u00e4lised organisatsioonid, noortekeskused, \u00fclikoolid, omavalitsused ja k\u00f5ik teised osalejad, kes on otseselt v\u00f5i kaudselt seotud noorte koolituse ning keskkonnakaitse ja keskkonnateadlikkuse valdkonnas.<\/li><li>Kohalikud ja piirkondlikud noortekeskused\/organisatsioonid.<\/li><li>Haridusasutused.<\/li><\/ul><p><\/p><p><\/p><p><\/p><p><\/p><p><\/p>\t\t\t\t\t\t\t\t<\/div>\n\t\t\t\t<\/div>\n\t\t\t\t\t<\/div>\n\t\t<\/div>\n\t\t\t\t\t<\/div>\n\t\t<\/section>\n\t\t\t\t<\/div>\n\t\t","protected":false},"excerpt":{"rendered":"<p>Sissejuhatus Kas teadsid? ELi s\u00e4\u00e4stva hariduse eesm\u00e4rke j\u00e4rgiva RESCUE-partnerluse eesm\u00e4rk on t\u00f6\u00f6tada v\u00e4lja terviklik ja koost\u00f6\u00f6l p\u00f5hinev l\u00e4henemisviis keskkonnas\u00e4\u00e4stlikkuse \u00f5ppimisele,&hellip;&nbsp;<a href=\"https:\/\/rescue.erasmus.site\/et\/more-about-rescue\/\" rel=\"bookmark\">Read More &raquo;<span class=\"screen-reader-text\">Rohkem teavet RESCUE kohta<\/span><\/a><\/p>\n","protected":false},"author":1,"featured_media":102,"parent":0,"menu_order":0,"comment_status":"closed","ping_status":"closed","template":"page-templates\/template-pagebuilder-full-width.php","meta":{"neve_meta_sidebar":"","neve_meta_container":"","neve_meta_enable_content_width":"off","neve_meta_content_width":100,"neve_meta_title_alignment":"","neve_meta_author_avatar":"","neve_post_elements_order":"","neve_meta_disable_header":"","neve_meta_disable_footer":"","neve_meta_disable_title":"","footnotes":""},"class_list":["post-88","page","type-page","status-publish","has-post-thumbnail","hentry"],"_links":{"self":[{"href":"https:\/\/rescue.erasmus.site\/et\/wp-json\/wp\/v2\/pages\/88","targetHints":{"allow":["GET"]}}],"collection":[{"href":"https:\/\/rescue.erasmus.site\/et\/wp-json\/wp\/v2\/pages"}],"about":[{"href":"https:\/\/rescue.erasmus.site\/et\/wp-json\/wp\/v2\/types\/page"}],"author":[{"embeddable":true,"href":"https:\/\/rescue.erasmus.site\/et\/wp-json\/wp\/v2\/users\/1"}],"replies":[{"embeddable":true,"href":"https:\/\/rescue.erasmus.site\/et\/wp-json\/wp\/v2\/comments?post=88"}],"version-history":[{"count":65,"href":"https:\/\/rescue.erasmus.site\/et\/wp-json\/wp\/v2\/pages\/88\/revisions"}],"predecessor-version":[{"id":429,"href":"https:\/\/rescue.erasmus.site\/et\/wp-json\/wp\/v2\/pages\/88\/revisions\/429"}],"wp:featuredmedia":[{"embeddable":true,"href":"https:\/\/rescue.erasmus.site\/et\/wp-json\/wp\/v2\/media\/102"}],"wp:attachment":[{"href":"https:\/\/rescue.erasmus.site\/et\/wp-json\/wp\/v2\/media?parent=88"}],"curies":[{"name":"wp","href":"https:\/\/api.w.org\/{rel}","templated":true}]}}