{"id":88,"date":"2023-06-02T14:15:54","date_gmt":"2023-06-02T14:15:54","guid":{"rendered":"https:\/\/rescue.erasmus.site\/?page_id=88"},"modified":"2023-08-03T08:42:38","modified_gmt":"2023-08-03T08:42:38","slug":"more-about-rescue","status":"publish","type":"page","link":"https:\/\/rescue.erasmus.site\/it\/more-about-rescue\/","title":{"rendered":"Di pi\u00f9 su RESCUE"},"content":{"rendered":"\t\t<div data-elementor-type=\"wp-page\" data-elementor-id=\"88\" class=\"elementor elementor-88\">\n\t\t\t\t\t\t<section class=\"elementor-section elementor-top-section elementor-element elementor-element-cab0513 elementor-section-boxed elementor-section-height-default elementor-section-height-default\" data-id=\"cab0513\" data-element_type=\"section\" data-e-type=\"section\">\n\t\t\t\t\t\t<div class=\"elementor-container elementor-column-gap-default\">\n\t\t\t\t\t<div class=\"elementor-column elementor-col-100 elementor-top-column elementor-element elementor-element-60d8113\" data-id=\"60d8113\" data-element_type=\"column\" data-e-type=\"column\">\n\t\t\t<div class=\"elementor-widget-wrap elementor-element-populated\">\n\t\t\t\t\t\t<div class=\"elementor-element elementor-element-0aaadc3 elementor-widget elementor-widget-heading\" data-id=\"0aaadc3\" data-element_type=\"widget\" data-e-type=\"widget\" data-widget_type=\"heading.default\">\n\t\t\t\t<div class=\"elementor-widget-container\">\n\t\t\t\t\t<h2 class=\"elementor-heading-title elementor-size-default\">Introduzione<\/h2>\t\t\t\t<\/div>\n\t\t\t\t<\/div>\n\t\t\t\t<div class=\"elementor-element elementor-element-2d782ed elementor-widget elementor-widget-text-editor\" data-id=\"2d782ed\" data-element_type=\"widget\" data-e-type=\"widget\" data-widget_type=\"text-editor.default\">\n\t\t\t\t<div class=\"elementor-widget-container\">\n\t\t\t\t\t\t\t\t\t<p><\/p><p><\/p><p><\/p><p><\/p><p><strong><em>Lo sapevi?<\/em><\/strong><\/p><p>Il partneriato RESCUE, in linea con gli obiettivi europei per un\u2019educazione sostenibile, mira a sviluppare un approccio globale e collaborativo all\u2019apprendimento per la sostenibilit\u00e0 ambientale, coinvolgendo diversi enti, organizzazioni e partecipanti del sistema educativo e del lavoro giovanile. Sensibilizzando i giovani attraverso conoscenze teoriche e attivit\u00e0 partecipative, il progetto intende promuovere atteggiamenti e comportamenti sul cambiamento climatico e i modelli di consumo sostenibile della plastica, fornendo anche stimoli ai giovani per la creazione di iniziative verdi (campagne) con un impatto sull\u2019ambiente e la societ\u00e0.<\/p><p><strong><em>Sul progetto<\/em><\/strong><\/p><p>RESCUE \u00e8 un progetto innovativo dalla durata di 24 mesi che coinvolge sei organizzazioni non governative, centri di formazione ed entit\u00e0 private di 6 paesi. Il progetto ha l\u2019obiettivo di convalidare il lavoro giovanile, l\u2019apprendimento informale e non formale, e sostenere lo sviluppo e l\u2019innovazione nel lavoro giovanile. Il progetto RESCUE fornisce agli operatori giovanili strumenti, metodi e attivit\u00e0 per rafforzare la consapevolezza dei giovani di iniziative verdi (ad esempio le campagne) e del volontariato come agenti del cambiamento per lo sviluppo ambientale e sostenibile.<\/p><p><strong><em>Quali sono gli obiettivi di RESCUE?<\/em><\/strong><\/p><p>Gli obiettivi di RESCUE sono:<\/p><ul><li>Sensibilizzare i giovani sull\u2019impatto a lungo termine della plastica sull\u2019ambiente e sulla salute umana.<\/li><li>Promuovere modelli di consumo della plastica pi\u00f9 sostenibili per stimolare il cambiamento nei giovani.<\/li><li>Promuovere comportamenti e atteggiamenti rispettosi dell\u2019ambiente tra i giovani.<\/li><li>Fornire agli operatori giovanili strumenti e metodologie per trasferire ai giovani le conoscenze sull\u2019uso della plastica e motivarli alla realizzazione di iniziative.<\/li><li>Mettere in contatto i giovani attraverso \u201ccampagne verdi\u201d (campagne ecologiche) e dare loro l\u2019opportunit\u00e0 di imparare, cooperare, fare volontario e diffondere le loro esperienze ai coetanei e alla societ\u00e0.<\/li><li>Fornire al personale delle organizzazioni partner del progetto le conoscenze necessarie per applicare pratiche verdi e senza plastica all\u2019interno delle loro organizzazioni.<\/li><\/ul><p><\/p><p><\/p>\t\t\t\t\t\t\t\t<\/div>\n\t\t\t\t<\/div>\n\t\t\t\t\t<\/div>\n\t\t<\/div>\n\t\t\t\t\t<\/div>\n\t\t<\/section>\n\t\t\t\t<section class=\"elementor-section elementor-top-section elementor-element elementor-element-dd2ec14 elementor-section-boxed elementor-section-height-default elementor-section-height-default\" data-id=\"dd2ec14\" data-element_type=\"section\" data-e-type=\"section\">\n\t\t\t\t\t\t<div class=\"elementor-container elementor-column-gap-default\">\n\t\t\t\t\t<div class=\"elementor-column elementor-col-100 elementor-top-column elementor-element elementor-element-ef1cf2e\" data-id=\"ef1cf2e\" data-element_type=\"column\" data-e-type=\"column\">\n\t\t\t<div class=\"elementor-widget-wrap elementor-element-populated\">\n\t\t\t\t\t\t<div class=\"elementor-element elementor-element-8d2e0f5 elementor-widget elementor-widget-heading\" data-id=\"8d2e0f5\" data-element_type=\"widget\" data-e-type=\"widget\" data-widget_type=\"heading.default\">\n\t\t\t\t<div class=\"elementor-widget-container\">\n\t\t\t\t\t<h2 class=\"elementor-heading-title elementor-size-default\">Risultati del progetto<\/h2>\t\t\t\t<\/div>\n\t\t\t\t<\/div>\n\t\t\t\t\t<\/div>\n\t\t<\/div>\n\t\t\t\t\t<\/div>\n\t\t<\/section>\n\t\t\t\t<section class=\"elementor-section elementor-top-section elementor-element elementor-element-906d5a3 elementor-section-boxed elementor-section-height-default elementor-section-height-default\" data-id=\"906d5a3\" data-element_type=\"section\" data-e-type=\"section\">\n\t\t\t\t\t\t<div class=\"elementor-container elementor-column-gap-default\">\n\t\t\t\t\t<div class=\"elementor-column elementor-col-100 elementor-top-column elementor-element elementor-element-b748ef8\" data-id=\"b748ef8\" data-element_type=\"column\" data-e-type=\"column\">\n\t\t\t<div class=\"elementor-widget-wrap elementor-element-populated\">\n\t\t\t\t\t\t<div class=\"elementor-element elementor-element-67a0fea elementor-widget elementor-widget-text-editor\" data-id=\"67a0fea\" data-element_type=\"widget\" data-e-type=\"widget\" data-widget_type=\"text-editor.default\">\n\t\t\t\t<div class=\"elementor-widget-container\">\n\t\t\t\t\t\t\t\t\t<p><\/p><p><\/p><p><\/p><p>Il progetto RESCUE \u00e8 costituito da 3 risultati principali in 7 lingue e ogni risultato \u00e8 suddiviso in diverse attivit\u00e0.<\/p><p><strong>Piattaforma e-learning \u201cAlza la tua voce contro la plastica\u201d<\/strong><\/p><p>La piattaforma e-learning mira ad aumentare la consapevolezza dei giovani, attraverso la teoria e la pratica, sull\u2019uso della plastica e a fornire ai giovani e agli operatori giovanili l\u2019insieme die conoscenze teoriche che li ispirer\u00e0 a sviluppare un comportamento pi\u00f9 sostenibile e responsabile riguardo l\u2019uso della plastica.<\/p><p><strong>Guida \u201cCome gestire una campagna verde\u201d<\/strong><\/p><p>La guida \u00e8 rivolta agli operatori giovanili e tratta come educare i giovani ad organizzare, gestire e diffondere una campagna ambientale contro l\u2019uso della plastica con impatto sociale e ambientale.<\/p><p><strong>Campagna \u201cDiventa un Ambasciatore del verde\u201d<\/strong><\/p><p>La campagna \u00e8 rivolta ai giovani e agli operatori giovanili; consiste in attivit\u00e0 online e offline al fine di aumentare l\u2019impegno dei partecipanti. <\/p><p><\/p>\t\t\t\t\t\t\t\t<\/div>\n\t\t\t\t<\/div>\n\t\t\t\t\t<\/div>\n\t\t<\/div>\n\t\t\t\t\t<\/div>\n\t\t<\/section>\n\t\t\t\t<section class=\"elementor-section elementor-top-section elementor-element elementor-element-f949726 elementor-section-boxed elementor-section-height-default elementor-section-height-default\" data-id=\"f949726\" data-element_type=\"section\" data-e-type=\"section\">\n\t\t\t\t\t\t<div class=\"elementor-container elementor-column-gap-default\">\n\t\t\t\t\t<div class=\"elementor-column elementor-col-100 elementor-top-column elementor-element elementor-element-800120e\" data-id=\"800120e\" data-element_type=\"column\" data-e-type=\"column\">\n\t\t\t<div class=\"elementor-widget-wrap elementor-element-populated\">\n\t\t\t\t\t\t<div class=\"elementor-element elementor-element-d9f3128 elementor-widget elementor-widget-heading\" data-id=\"d9f3128\" data-element_type=\"widget\" data-e-type=\"widget\" data-widget_type=\"heading.default\">\n\t\t\t\t<div class=\"elementor-widget-container\">\n\t\t\t\t\t<h2 class=\"elementor-heading-title elementor-size-default\">Gruppi di riferimento<\/h2>\t\t\t\t<\/div>\n\t\t\t\t<\/div>\n\t\t\t\t<div class=\"elementor-element elementor-element-8551ec3 elementor-widget elementor-widget-text-editor\" data-id=\"8551ec3\" data-element_type=\"widget\" data-e-type=\"widget\" data-widget_type=\"text-editor.default\">\n\t\t\t\t<div class=\"elementor-widget-container\">\n\t\t\t\t\t\t\t\t\t<p><\/p><p><\/p><p><\/p><p><\/p><p>I gruppi di riferimento del progetto RESCUE sono:<\/p><ul><li>Giovani (16-27 anni)<\/li><li>Giovani lavoratori<\/li><li>Organizzazioni giovanili<\/li><\/ul><p>I risultati del progetto RESCUE sono anche destinati a:<\/p><ul><li>Membri delle organizzazioni partner coinvolte nell\u2019attuazione del progetto.<\/li><li>Responsabili politici, autorit\u00e0 locali, organizzazioni non governative, centri giovanili, universit\u00e0, comuni, e qualsiasi altro attore coinvolto direttamente o indirettamente nei settori della formazione dei giovani e della protezione e sensibilizzazione ambientale.<\/li><li>Centri\/organizzazioni giovanili locali e regionali.<\/li><li>Istituti di formazione.<\/li><\/ul><p><\/p><p><\/p>\t\t\t\t\t\t\t\t<\/div>\n\t\t\t\t<\/div>\n\t\t\t\t\t<\/div>\n\t\t<\/div>\n\t\t\t\t\t<\/div>\n\t\t<\/section>\n\t\t\t\t<\/div>\n\t\t","protected":false},"excerpt":{"rendered":"<p>Introduzione Lo sapevi? Il partneriato RESCUE, in linea con gli obiettivi europei per un\u2019educazione sostenibile, mira a sviluppare un approccio&hellip;&nbsp;<a href=\"https:\/\/rescue.erasmus.site\/it\/more-about-rescue\/\" rel=\"bookmark\">Leggi tutto &raquo;<span class=\"screen-reader-text\">Di pi\u00f9 su RESCUE<\/span><\/a><\/p>\n","protected":false},"author":1,"featured_media":102,"parent":0,"menu_order":0,"comment_status":"closed","ping_status":"closed","template":"page-templates\/template-pagebuilder-full-width.php","meta":{"neve_meta_sidebar":"","neve_meta_container":"","neve_meta_enable_content_width":"off","neve_meta_content_width":100,"neve_meta_title_alignment":"","neve_meta_author_avatar":"","neve_post_elements_order":"","neve_meta_disable_header":"","neve_meta_disable_footer":"","neve_meta_disable_title":"","footnotes":""},"class_list":["post-88","page","type-page","status-publish","has-post-thumbnail","hentry"],"_links":{"self":[{"href":"https:\/\/rescue.erasmus.site\/it\/wp-json\/wp\/v2\/pages\/88","targetHints":{"allow":["GET"]}}],"collection":[{"href":"https:\/\/rescue.erasmus.site\/it\/wp-json\/wp\/v2\/pages"}],"about":[{"href":"https:\/\/rescue.erasmus.site\/it\/wp-json\/wp\/v2\/types\/page"}],"author":[{"embeddable":true,"href":"https:\/\/rescue.erasmus.site\/it\/wp-json\/wp\/v2\/users\/1"}],"replies":[{"embeddable":true,"href":"https:\/\/rescue.erasmus.site\/it\/wp-json\/wp\/v2\/comments?post=88"}],"version-history":[{"count":65,"href":"https:\/\/rescue.erasmus.site\/it\/wp-json\/wp\/v2\/pages\/88\/revisions"}],"predecessor-version":[{"id":429,"href":"https:\/\/rescue.erasmus.site\/it\/wp-json\/wp\/v2\/pages\/88\/revisions\/429"}],"wp:featuredmedia":[{"embeddable":true,"href":"https:\/\/rescue.erasmus.site\/it\/wp-json\/wp\/v2\/media\/102"}],"wp:attachment":[{"href":"https:\/\/rescue.erasmus.site\/it\/wp-json\/wp\/v2\/media?parent=88"}],"curies":[{"name":"wp","href":"https:\/\/api.w.org\/{rel}","templated":true}]}}