{"id":88,"date":"2023-06-02T14:15:54","date_gmt":"2023-06-02T14:15:54","guid":{"rendered":"https:\/\/rescue.erasmus.site\/?page_id=88"},"modified":"2023-08-03T08:42:38","modified_gmt":"2023-08-03T08:42:38","slug":"more-about-rescue","status":"publish","type":"page","link":"https:\/\/rescue.erasmus.site\/pl\/more-about-rescue\/","title":{"rendered":"Wi\u0119cej informacji na temat RESCUE"},"content":{"rendered":"\t\t<div data-elementor-type=\"wp-page\" data-elementor-id=\"88\" class=\"elementor elementor-88\">\n\t\t\t\t\t\t<section class=\"elementor-section elementor-top-section elementor-element elementor-element-cab0513 elementor-section-boxed elementor-section-height-default elementor-section-height-default\" data-id=\"cab0513\" data-element_type=\"section\" data-e-type=\"section\">\n\t\t\t\t\t\t<div class=\"elementor-container elementor-column-gap-default\">\n\t\t\t\t\t<div class=\"elementor-column elementor-col-100 elementor-top-column elementor-element elementor-element-60d8113\" data-id=\"60d8113\" data-element_type=\"column\" data-e-type=\"column\">\n\t\t\t<div class=\"elementor-widget-wrap elementor-element-populated\">\n\t\t\t\t\t\t<div class=\"elementor-element elementor-element-0aaadc3 elementor-widget elementor-widget-heading\" data-id=\"0aaadc3\" data-element_type=\"widget\" data-e-type=\"widget\" data-widget_type=\"heading.default\">\n\t\t\t\t<div class=\"elementor-widget-container\">\n\t\t\t\t\t<h2 class=\"elementor-heading-title elementor-size-default\">Wprowadzenie<\/h2>\t\t\t\t<\/div>\n\t\t\t\t<\/div>\n\t\t\t\t<div class=\"elementor-element elementor-element-2d782ed elementor-widget elementor-widget-text-editor\" data-id=\"2d782ed\" data-element_type=\"widget\" data-e-type=\"widget\" data-widget_type=\"text-editor.default\">\n\t\t\t\t<div class=\"elementor-widget-container\">\n\t\t\t\t\t\t\t\t\t<p><\/p><p><\/p><p><\/p><p><\/p><p><\/p><p><strong><em>Czy wiesz, \u017ce?<\/em><\/strong><\/p><p>Partnerstwo RESCUE, zgodnie z celami UE w zakresie zr\u00f3wnowa\u017conej edukacji, ma na celu opracowanie kompleksowego i opartego na wsp\u00f3\u0142pracy podej\u015bcia do uczenia si\u0119 na rzecz zr\u00f3wnowa\u017conego rozwoju \u015brodowiska, anga\u017cuj\u0105cego r\u00f3\u017cne organy, organizacje i uczestnik\u00f3w systemu edukacji, pracy z m\u0142odzie\u017c\u0105 i szkole\u0144. Podnosz\u0105c \u015bwiadomo\u015b\u0107 poprzez wiedz\u0119 teoretyczn\u0105 i dzia\u0142ania partycypacyjne, projekt ma na celu budowanie postaw i zachowa\u0144 m\u0142odych ludzi w zakresie zmian klimatycznych i zr\u00f3wnowa\u017conych wzorc\u00f3w konsumpcji tworzyw sztucznych, zapewniaj\u0105c r\u00f3wnie\u017c m\u0142odym ludziom bod\u017ace do tworzenia zielonych inicjatyw (kampanii) maj\u0105cych wp\u0142yw na \u015brodowisko i spo\u0142ecze\u0144stwo.<\/p><p><strong><em>O projekcie<\/em><\/strong><\/p><p>RESCUE to innowacyjny 24-miesi\u0119czny projekt, w kt\u00f3rym uczestniczy (6) sze\u015b\u0107 organizacji, takich jak organizacje pozarz\u0105dowe, o\u015brodki szkoleniowe, a tak\u017ce podmioty prywatne z (6) sze\u015bciu kraj\u00f3w. Projekt ma na celu walidacj\u0119 pracy z m\u0142odzie\u017c\u0105, nieformalnego i pozaformalnego uczenia si\u0119 oraz wspieranie rozwoju jako\u015bci i innowacji w pracy z m\u0142odzie\u017c\u0105. Projekt RESCUE zapewnia osobom pracuj\u0105cym z m\u0142odzie\u017c\u0105 narz\u0119dzia, metody i dzia\u0142ania maj\u0105ce na celu wzmocnienie u m\u0142odych ludzi poczucia ekologicznych inicjatyw (np. kampanii) i wolontariatu dzia\u0142aj\u0105cego jako po\u015brednicy zmian na rzecz \u015brodowiska i zr\u00f3wnowa\u017conego rozwoju.<\/p><p><strong><em>Jakie s\u0105 cele RESCUE?<\/em><\/strong><\/p><p>Cele RESCUE obejmuj\u0105:<\/p><p>-Podnoszenie \u015bwiadomo\u015bci w\u015br\u00f3d m\u0142odych ludzi na temat d\u0142ugoterminowego wp\u0142ywu plastiku na \u015brodowisko i ludzkie zdrowie.<\/p><p>-Promowanie w\u015br\u00f3d m\u0142odych ludzi bardziej zr\u00f3wnowa\u017conych wzorc\u00f3w konsumpcji tworzyw sztucznych w celu stymulowania zmian.<\/p><p>-Budowanie przyjaznych dla \u015brodowiska zachowa\u0144 i postaw w\u015br\u00f3d m\u0142odych ludzi.<\/p><p>-Zapewnienie osobom pracuj\u0105cym z m\u0142odzie\u017c\u0105 narz\u0119dzi i metodologii do przekazywania m\u0142odym ludziom wiedzy na temat korzystania z tworzyw sztucznych i motywowania ich do podejmowania inicjatyw.<\/p><p>-\u0141\u0105czenie m\u0142odych ludzi poprzez zielone kampanie i dawanie im mo\u017cliwo\u015bci uczenia si\u0119, wsp\u00f3\u0142pracy, wolontariatu i rozpowszechniania swoich do\u015bwiadcze\u0144 w\u015br\u00f3d r\u00f3wie\u015bnik\u00f3w i spo\u0142ecze\u0144stwa.<\/p><p>-Wyposa\u017cenie kadry partner\u00f3w w know-how umo\u017cliwiaj\u0105ce stosowanie ekologicznych, wolnych od plastiku praktyk w ich organizacjach.<\/p><p><\/p>\t\t\t\t\t\t\t\t<\/div>\n\t\t\t\t<\/div>\n\t\t\t\t\t<\/div>\n\t\t<\/div>\n\t\t\t\t\t<\/div>\n\t\t<\/section>\n\t\t\t\t<section class=\"elementor-section elementor-top-section elementor-element elementor-element-dd2ec14 elementor-section-boxed elementor-section-height-default elementor-section-height-default\" data-id=\"dd2ec14\" data-element_type=\"section\" data-e-type=\"section\">\n\t\t\t\t\t\t<div class=\"elementor-container elementor-column-gap-default\">\n\t\t\t\t\t<div class=\"elementor-column elementor-col-100 elementor-top-column elementor-element elementor-element-ef1cf2e\" data-id=\"ef1cf2e\" data-element_type=\"column\" data-e-type=\"column\">\n\t\t\t<div class=\"elementor-widget-wrap elementor-element-populated\">\n\t\t\t\t\t\t<div class=\"elementor-element elementor-element-8d2e0f5 elementor-widget elementor-widget-heading\" data-id=\"8d2e0f5\" data-element_type=\"widget\" data-e-type=\"widget\" data-widget_type=\"heading.default\">\n\t\t\t\t<div class=\"elementor-widget-container\">\n\t\t\t\t\t<h2 class=\"elementor-heading-title elementor-size-default\">Rezultaty projektu<\/h2>\t\t\t\t<\/div>\n\t\t\t\t<\/div>\n\t\t\t\t\t<\/div>\n\t\t<\/div>\n\t\t\t\t\t<\/div>\n\t\t<\/section>\n\t\t\t\t<section class=\"elementor-section elementor-top-section elementor-element elementor-element-906d5a3 elementor-section-boxed elementor-section-height-default elementor-section-height-default\" data-id=\"906d5a3\" data-element_type=\"section\" data-e-type=\"section\">\n\t\t\t\t\t\t<div class=\"elementor-container elementor-column-gap-default\">\n\t\t\t\t\t<div class=\"elementor-column elementor-col-100 elementor-top-column elementor-element elementor-element-b748ef8\" data-id=\"b748ef8\" data-element_type=\"column\" data-e-type=\"column\">\n\t\t\t<div class=\"elementor-widget-wrap elementor-element-populated\">\n\t\t\t\t\t\t<div class=\"elementor-element elementor-element-67a0fea elementor-widget elementor-widget-text-editor\" data-id=\"67a0fea\" data-element_type=\"widget\" data-e-type=\"widget\" data-widget_type=\"text-editor.default\">\n\t\t\t\t<div class=\"elementor-widget-container\">\n\t\t\t\t\t\t\t\t\t<p><\/p><p><\/p><p><\/p><p>RESCUE to 3 g\u0142\u00f3wne rezultaty w 7 j\u0119zykach podzielone na kilka aktywno\u015bci.<\/p><p><strong>Zabierz g\u0142os przeciwko plastikowi, platforma e-learningowa RESCUE. <\/strong><\/p><p>Platforma e-learningowa maj\u0105ca na celu podniesienie \u015bwiadomo\u015bci poprzez teori\u0119 i praktyk\u0119 w zakresie wykorzystania plastiku oraz zapewnienie m\u0142odym ludziom i osobom pracuj\u0105cym z m\u0142odzie\u017c\u0105 podstaw teoretycznych, kt\u00f3re zainspiruj\u0105 ich i dadz\u0105 im know-how do budowania bardziej zr\u00f3wnowa\u017conych i odpowiedzialnych zachowa\u0144 zwi\u0105zanych z konsumpcj\u0105 plastiku.<\/p><p><strong>Jak przeprowadzi\u0107 zielon\u0105 kampani\u0119, przewodnik RESCUE. <\/strong><\/p><p>Przewodnik skierowany do os\u00f3b pracuj\u0105cych z m\u0142odzie\u017c\u0105, w jaki spos\u00f3b mog\u0105 edukowa\u0107 m\u0142odych ludzi w zakresie organizowania, prowadzenia i rozpowszechniania kampanii ekologicznej przeciwko u\u017cywaniu plastiku, maj\u0105cej wp\u0142yw spo\u0142eczny i \u015brodowiskowy.<\/p><p><strong>Zosta\u0144 Zielonym Ambasadorem, kampania RESCUE. <\/strong><\/p><p>Kampania skierowana do m\u0142odych ludzi i os\u00f3b pracuj\u0105cych z m\u0142odzie\u017c\u0105, obejmuj\u0105ca zar\u00f3wno dzia\u0142ania online, jak i offline, w celu zwi\u0119kszenia zaanga\u017cowania uczestnik\u00f3w.<\/p>\t\t\t\t\t\t\t\t<\/div>\n\t\t\t\t<\/div>\n\t\t\t\t\t<\/div>\n\t\t<\/div>\n\t\t\t\t\t<\/div>\n\t\t<\/section>\n\t\t\t\t<section class=\"elementor-section elementor-top-section elementor-element elementor-element-f949726 elementor-section-boxed elementor-section-height-default elementor-section-height-default\" data-id=\"f949726\" data-element_type=\"section\" data-e-type=\"section\">\n\t\t\t\t\t\t<div class=\"elementor-container elementor-column-gap-default\">\n\t\t\t\t\t<div class=\"elementor-column elementor-col-100 elementor-top-column elementor-element elementor-element-800120e\" data-id=\"800120e\" data-element_type=\"column\" data-e-type=\"column\">\n\t\t\t<div class=\"elementor-widget-wrap elementor-element-populated\">\n\t\t\t\t\t\t<div class=\"elementor-element elementor-element-d9f3128 elementor-widget elementor-widget-heading\" data-id=\"d9f3128\" data-element_type=\"widget\" data-e-type=\"widget\" data-widget_type=\"heading.default\">\n\t\t\t\t<div class=\"elementor-widget-container\">\n\t\t\t\t\t<h2 class=\"elementor-heading-title elementor-size-default\">Grupy docelowe<\/h2>\t\t\t\t<\/div>\n\t\t\t\t<\/div>\n\t\t\t\t<div class=\"elementor-element elementor-element-8551ec3 elementor-widget elementor-widget-text-editor\" data-id=\"8551ec3\" data-element_type=\"widget\" data-e-type=\"widget\" data-widget_type=\"text-editor.default\">\n\t\t\t\t<div class=\"elementor-widget-container\">\n\t\t\t\t\t\t\t\t\t<p><\/p><p><\/p><p><\/p><p><\/p><p><\/p><p><\/p><p>Grupy docelowe RESCUE to:<\/p><ul><li>M\u0142odzi ludzie (16-27 lat)<\/li><li>Osoby pracuj\u0105ce z m\u0142odzie\u017c\u0105<\/li><li>Organizacje m\u0142odzie\u017cowe<\/li><\/ul><p>Rezultaty projektu RESCUE s\u0105 r\u00f3wnie\u017c przeznaczone dla:<\/p><ul><li>Pracownik\u00f3w wszystkich partner\u00f3w zaanga\u017cowanych w realizacj\u0119 projektu.<\/li><li>Decydent\u00f3w, w\u0142adz lokalnych, organizacji pozarz\u0105dowych, o\u015brodk\u00f3w m\u0142odzie\u017cowych, uniwersytet\u00f3w, gmin i wszelkich innych podmiot\u00f3w bezpo\u015brednio lub po\u015brednio zaanga\u017cowanych w szkolenia m\u0142odzie\u017cy oraz przemys\u0142 ochrony \u015brodowiska i \u015bwiadomo\u015bci ekologicznej.<\/li><li>Lokalnych i regionalnych o\u015brodk\u00f3w\/organizacji m\u0142odzie\u017cowych.<\/li><li>Instytucji edukacyjnych.<\/li><\/ul><p><\/p>\t\t\t\t\t\t\t\t<\/div>\n\t\t\t\t<\/div>\n\t\t\t\t\t<\/div>\n\t\t<\/div>\n\t\t\t\t\t<\/div>\n\t\t<\/section>\n\t\t\t\t<\/div>\n\t\t","protected":false},"excerpt":{"rendered":"<p>Wprowadzenie Czy wiesz, \u017ce? Partnerstwo RESCUE, zgodnie z celami UE w zakresie zr\u00f3wnowa\u017conej edukacji, ma na celu opracowanie kompleksowego i&hellip;&nbsp;<a href=\"https:\/\/rescue.erasmus.site\/pl\/more-about-rescue\/\" rel=\"bookmark\">Dowiedz si\u0119 wi\u0119cej &raquo;<span class=\"screen-reader-text\">Wi\u0119cej informacji na temat RESCUE<\/span><\/a><\/p>\n","protected":false},"author":1,"featured_media":102,"parent":0,"menu_order":0,"comment_status":"closed","ping_status":"closed","template":"page-templates\/template-pagebuilder-full-width.php","meta":{"neve_meta_sidebar":"","neve_meta_container":"","neve_meta_enable_content_width":"off","neve_meta_content_width":100,"neve_meta_title_alignment":"","neve_meta_author_avatar":"","neve_post_elements_order":"","neve_meta_disable_header":"","neve_meta_disable_footer":"","neve_meta_disable_title":"","footnotes":""},"class_list":["post-88","page","type-page","status-publish","has-post-thumbnail","hentry"],"_links":{"self":[{"href":"https:\/\/rescue.erasmus.site\/pl\/wp-json\/wp\/v2\/pages\/88","targetHints":{"allow":["GET"]}}],"collection":[{"href":"https:\/\/rescue.erasmus.site\/pl\/wp-json\/wp\/v2\/pages"}],"about":[{"href":"https:\/\/rescue.erasmus.site\/pl\/wp-json\/wp\/v2\/types\/page"}],"author":[{"embeddable":true,"href":"https:\/\/rescue.erasmus.site\/pl\/wp-json\/wp\/v2\/users\/1"}],"replies":[{"embeddable":true,"href":"https:\/\/rescue.erasmus.site\/pl\/wp-json\/wp\/v2\/comments?post=88"}],"version-history":[{"count":65,"href":"https:\/\/rescue.erasmus.site\/pl\/wp-json\/wp\/v2\/pages\/88\/revisions"}],"predecessor-version":[{"id":429,"href":"https:\/\/rescue.erasmus.site\/pl\/wp-json\/wp\/v2\/pages\/88\/revisions\/429"}],"wp:featuredmedia":[{"embeddable":true,"href":"https:\/\/rescue.erasmus.site\/pl\/wp-json\/wp\/v2\/media\/102"}],"wp:attachment":[{"href":"https:\/\/rescue.erasmus.site\/pl\/wp-json\/wp\/v2\/media?parent=88"}],"curies":[{"name":"wp","href":"https:\/\/api.w.org\/{rel}","templated":true}]}}